{"id":122,"date":"2018-04-02T09:04:22","date_gmt":"2018-04-02T09:04:22","guid":{"rendered":"http:\/\/brainproof.se\/?page_id=122"},"modified":"2024-04-11T09:08:22","modified_gmt":"2024-04-11T09:08:22","slug":"forskning","status":"publish","type":"page","link":"https:\/\/brainproof.se\/es\/forskning\/","title":{"rendered":"Investigaci\u00f3n"},"content":{"rendered":"<div id='av_section_1'  class='avia-section main_color avia-section-default avia-no-border-styling  avia-full-stretch av-parallax-section av-section-color-overlay-active avia-bg-style-parallax  avia-builder-el-0  el_before_av_section  avia-builder-el-first   av-minimum-height av-minimum-height-25  container_wrap fullsize' style=' '  data-section-bg-repeat='stretch' data-av_minimum_height_pc='25'><div class='av-parallax' data-avia-parallax-ratio='0.3' ><div class='av-parallax-inner main_color  avia-full-stretch' style = 'background-repeat: no-repeat; background-image: url(https:\/\/brainproof.se\/wp-content\/uploads\/2018\/05\/pexels-photo-267582.jpeg);background-attachment: scroll; background-position: center center; ' ><\/div><\/div><div class='av-section-color-overlay-wrap'><div class='av-section-color-overlay' style='opacity: 0.5; background-color: #0a0a0a; '><\/div><div class='container' ><main  role=\"main\" itemprop=\"mainContentOfPage\"  class='template-page content  av-content-full alpha units'><div class='post-entry post-entry-type-page post-entry-122'><div class='entry-content-wrapper clearfix'>\n<div class=\"flex_column av_one_third  flex_column_div first  avia-builder-el-1  el_before_av_one_third  avia-builder-el-first\" style='border-width:3px; border-color:#ffffff; border-style:solid; padding:5px; border-radius:20px; '><section class=\"av_textblock_section\"  itemscope=\"itemscope\" itemtype=\"https:\/\/schema.org\/CreativeWork\" ><div class='avia_textblock'   itemprop=\"text\" ><p style=\"text-align: center;\"><a href=\"https:\/\/wp.me\/p9UKnU-1gy\"><strong><span style=\"font-size: 20px;\"><span style=\"font-family: gelion; color: #ffffff;\">NEUROACT\u00ae Professional Training<\/span><\/span><\/strong><\/a><\/p>\n<\/div><\/section><\/div><div class=\"flex_column av_one_third  flex_column_div av-zero-column-padding   avia-builder-el-3  el_after_av_one_third  el_before_av_one_third\" style='border-radius:0px; '><\/div><div class=\"flex_column av_one_third  flex_column_div   avia-builder-el-4  el_after_av_one_third  el_before_av_textblock\" style='border-width:3px; border-color:#ffffff; border-style:solid; padding:5px; border-radius:20px; '><section class=\"av_textblock_section\"  itemscope=\"itemscope\" itemtype=\"https:\/\/schema.org\/CreativeWork\" ><div class='avia_textblock'   itemprop=\"text\" ><p style=\"text-align: center;\"><strong><span style=\"font-size: 20px;\"><a href=\"https:\/\/wp.me\/p9UKnU-7o\"><span style=\"font-family: gelion; color: #ffffff;\">NEUROACT\u00ae Metodutbildning<\/span><\/a><\/span><\/strong><\/p>\n<\/div><\/section><\/div><section class=\"av_textblock_section\"  itemscope=\"itemscope\" itemtype=\"https:\/\/schema.org\/CreativeWork\" ><div class='avia_textblock  av_inherit_color'  style='color:#ffffff; '  itemprop=\"text\" ><h1 style=\"text-align: center;\"><strong><span style=\"font-family: gelion;\">Investigaci\u00f3n<\/span><\/strong><\/h1>\n<\/div><\/section>\n\n<\/div><\/div><\/main><!-- close content main element --><\/div><\/div><\/div><div id='av_section_2'  class='avia-section main_color avia-section-default avia-no-border-styling  avia-bg-style-scroll  avia-builder-el-7  el_after_av_section  avia-builder-el-last   container_wrap fullsize' style='background-color: #eead2e;  '  ><div class='container' ><div class='template-page content  av-content-full alpha units'><div class='post-entry post-entry-type-page post-entry-122'><div class='entry-content-wrapper clearfix'>\n<div class=\"flex_column av_one_fifth  flex_column_div av-zero-column-padding first  avia-builder-el-8  el_before_av_three_fifth  avia-builder-el-first\" style='border-radius:0px; '><\/div><div class=\"flex_column av_three_fifth  flex_column_div   avia-builder-el-9  el_after_av_one_fifth  el_before_av_one_fifth\" style='padding:20px; border-radius:20px; '><section class=\"av_textblock_section\"  itemscope=\"itemscope\" itemtype=\"https:\/\/schema.org\/CreativeWork\" ><div class='avia_textblock'   itemprop=\"text\" ><p><span style=\"font-size: 24px;\"><span style=\"font-family: gelion; color: #0e564d;\"><img loading=\"lazy\" decoding=\"async\" class=\"wp-image-4962 alignleft\" src=\"https:\/\/brainproof.se\/wp-content\/uploads\/2022\/06\/16-WCK-Pals_900-240x300.jpeg\" alt=\"\" width=\"228\" height=\"285\" srcset=\"https:\/\/brainproof.se\/wp-content\/uploads\/2022\/06\/16-WCK-Pals_900-240x300.jpeg 240w, https:\/\/brainproof.se\/wp-content\/uploads\/2022\/06\/16-WCK-Pals_900-10x12.jpeg 10w, https:\/\/brainproof.se\/wp-content\/uploads\/2022\/06\/16-WCK-Pals_900-564x705.jpeg 564w, https:\/\/brainproof.se\/wp-content\/uploads\/2022\/06\/16-WCK-Pals_900.jpeg 700w\" sizes=\"auto, (max-width: 228px) 100vw, 228px\" \/><\/span><span style=\"font-family: gelion; color: #0e564d; font-size: 20px;\"><span style=\"color: #ffffff;\"><span style=\"color: #ffffff;\">NEUROACT\u00ae-programmet<\/span>\u00a0<span style=\"color: #ffffff;\">har utv\u00e4rderats p\u00e5 Karolinska Institutet som stresshantering f\u00f6r barn och vuxna med en autismdiagnos.<\/span><\/span><\/span><\/span><\/p>\n<p><span style=\"font-family: gelion; color: #ffffff; font-size: 20px;\">Los estudios son parte de la tesis doctoral Acceptance and Commitment Therapy for Autism Spectrum Disorder: Evaluation of feasibility, effectiveness, and validity of a novel contextual behavioral treatment.\u00a0<\/span><\/p>\n<p><div  style='height:3px' class='hr hr-invisible   avia-builder-el-11  el_before_av_hr  avia-builder-el-first'><span class='hr-inner' ><span class='hr-inner-style'><\/span><\/span><\/div><br \/>\n<a href=\"https:\/\/brainproof.se\/wp-content\/uploads\/2022\/05\/Johan-Pahnke-Komplett-avhandling-digital-version.pdf\" class=\"su-button su-button-style-flat .button:hover { background-color: #2980b9; }\" style=\"color:#EEAD2E;background-color:#F3EFE8;border-color:#c3c0ba;border-radius:5px;-moz-border-radius:5px;-webkit-border-radius:5px\" target=\"_self\" rel=\"noopener\"><span style=\"color:#EEAD2E;padding:0px 26px;font-size:20px;line-height:40px;border-color:#f7f4ef;border-radius:5px;-moz-border-radius:5px;-webkit-border-radius:5px;text-shadow:none;-moz-text-shadow:none;-webkit-text-shadow:none\"> La tesis doctoral de Johan Pahnke<\/span><\/a><br \/>\n<div  style='height:3px' class='hr hr-invisible   avia-builder-el-12  el_after_av_hr  avia-builder-el-last'><span class='hr-inner' ><span class='hr-inner-style'><\/span><\/span><\/div><\/p>\n<\/div><\/section><\/div><div class=\"flex_column av_one_fifth  flex_column_div av-zero-column-padding   avia-builder-el-13  el_after_av_three_fifth  el_before_av_hr\" style='border-radius:0px; '><\/div><div  style='height:50px' class='hr hr-invisible   avia-builder-el-14  el_after_av_one_fifth  el_before_av_one_third'><span class='hr-inner' ><span class='hr-inner-style'><\/span><\/span><\/div>\n<div class='flex_column_table av-equal-height-column-flextable -flextable' ><div class=\"flex_column av_one_third  flex_column_table_cell av-equal-height-column av-align-top first  avia-builder-el-15  el_after_av_hr  el_before_av_one_third\" style='background: #f3efe8; padding:20px; background-color:#f3efe8; border-radius:20px; '><p><section class=\"av_textblock_section\"  itemscope=\"itemscope\" itemtype=\"https:\/\/schema.org\/CreativeWork\" ><div class='avia_textblock'   itemprop=\"text\" ><p><span style=\"color: #000000; font-family: gelion; font-size: 20px;\"><strong><span style=\"color: #000000;\">Outcomes<\/span> <span style=\"color: #000000;\">of an acceptance and commitment<\/span> <span style=\"color: #000000;\">therapy-based skills training group for students with high-functioning autism<\/span> <span style=\"color: #000000;\">spectrum disorder: a quasi-experimental pilot study.<\/span><\/strong>\u00a0F\u00f6rfattare: Pahnke, J, Lundgren, T., Hursti, T., &amp; Hirvikoski, T. (2014). Publicerad i tidskriften <em>Autism<\/em>.\u00a0<\/span><\/p>\n<p><span style=\"font-family: gelion; color: #000000;\">El estudio evalu\u00f3 la idoneidad y eficacia de ACT adaptado para adultos en el espectro del autismo (NEUROACT). El ensayo fue un piloto abierto realizado en 10 adultos con diagn\u00f3stico de autismo en psiquiatr\u00eda ambulatoria. Nueve participantes completaron el programa NEUROACT. El m\u00e9todo demostr\u00f3 ser \u00fatil y adecuado para adultos con espectro autista en psiquiatr\u00eda ambulatoria. Los resultados mostraron una reducci\u00f3n estad\u00edsticamente significativa en el estr\u00e9s y la depresi\u00f3n percibidos, as\u00ed como una mayor calidad de vida, flexibilidad psicol\u00f3gica y defusi\u00f3n cognitiva (capacidad para manejar los propios pensamientos), con tama\u00f1os de efecto peque\u00f1os a grandes. El estudio tambi\u00e9n indic\u00f3 que la capacidad social percibida de los participantes hab\u00eda aumentado. Sin embargo, no hubo una mejora significativa con respecto a la ansiedad y el funcionamiento relacionado con el trabajo o la familia.\u00a0<\/span><\/p>\n<h4><\/h4>\n<\/div><\/section><br \/>\n<section class=\"av_textblock_section\"  itemscope=\"itemscope\" itemtype=\"https:\/\/schema.org\/CreativeWork\" ><div class='avia_textblock'   itemprop=\"text\" ><a href=\"\/wp-content\/uploads\/2018\/05\/Pahnke-et-al-2014-ACT-for-Students-With-ASD.pdf\" class=\"su-button su-button-style-flat .button:hover { background-color: #2980b9; }\" style=\"color:#F3EFE8;background-color:#EEAD2E;border-color:#bf8b25;border-radius:5px;-moz-border-radius:5px;-webkit-border-radius:5px\" target=\"_self\" rel=\"noopener\"><span style=\"color:#F3EFE8;padding:0px 26px;font-size:20px;line-height:40px;border-color:#f4c66d;border-radius:5px;-moz-border-radius:5px;-webkit-border-radius:5px;text-shadow:none;-moz-text-shadow:none;-webkit-text-shadow:none\"> L\u00e4s artikeln<\/span><\/a>\n<\/div><\/section><\/p><\/div><div class='av-flex-placeholder'><\/div><div class=\"flex_column av_one_third  flex_column_table_cell av-equal-height-column av-align-top   avia-builder-el-18  el_after_av_one_third  el_before_av_one_third\" style='background: #f3efe8; padding:20px; background-color:#f3efe8; border-radius:20px; '><p><section class=\"av_textblock_section\"  itemscope=\"itemscope\" itemtype=\"https:\/\/schema.org\/CreativeWork\" ><div class='avia_textblock'   itemprop=\"text\" ><p><span style=\"color: #000000;\"><span style=\"font-family: gelion; font-size: 20px;\"><strong><span style=\"color: #000000;\">Acceptance and commitment<\/span> <span style=\"color: #000000;\">therapy for autistic adults: an open pilot study in a<\/span> <span style=\"color: #000000;\">psychiatric outpatient context.<\/span><\/strong><\/span> <\/span><span style=\"color: #000000; font-family: gelion; font-size: 20px;\">F\u00f6rfattare: Pahnke, J., Hirvikoski, T., Bjureberg, J., B\u00f6lte, S., Jokinen, J., Bohman, B., &amp; Lundgren, T. (2019). Publicerad i tidskriften <em>Journal of Contextual Behavioral Science.<\/em><\/span><\/p>\n<p><span style=\"font-family: gelion; color: #000000;\">El estudio evalu\u00f3 la idoneidad y eficacia del ACT adaptado para adultos con espectro autista (NEUROACT). El ensayo fue un piloto abierto realizado en 10 adultos con diagn\u00f3stico de autismo en psiquiatr\u00eda ambulatoria. Nueve participantes completaron el programa NEUROACT. Los resultados mostraron reducciones estad\u00edsticamente significativas en el estr\u00e9s percibido y la depresi\u00f3n, as\u00ed como aumentos en la calidad de vida, la flexibilidad psicol\u00f3gica y la defusi\u00f3n cognitiva, con tama\u00f1os del efecto entre peque\u00f1os y grandes. El estudio tambi\u00e9n indic\u00f3 que las habilidades sociales percibidas por los participantes hab\u00edan aumentado. Sin embargo, no se observaron mejoras significativas en la ansiedad ni en el funcionamiento laboral o familiar.\u00a0<\/span><\/p>\n<h4><\/h4>\n<\/div><\/section><br \/>\n<section class=\"av_textblock_section\"  itemscope=\"itemscope\" itemtype=\"https:\/\/schema.org\/CreativeWork\" ><div class='avia_textblock'   itemprop=\"text\" ><p style=\"text-align: left;\"><span style=\"font-family: gelion; font-size: 16px;\"><a href=\"http:\/\/brainproof.se\/wp-content\/uploads\/2019\/10\/Pahnke-et-al-ACT-for-autistic-adults.pdf\" class=\"su-button su-button-style-flat .button:hover { background-color: #2980b9; }\" style=\"color:#F3EFE8;background-color:#EEAD2E;border-color:#bf8b25;border-radius:5px;-moz-border-radius:5px;-webkit-border-radius:5px\" target=\"_self\" rel=\"noopener\"><span style=\"color:#F3EFE8;padding:0px 26px;font-size:20px;line-height:40px;border-color:#f4c66d;border-radius:5px;-moz-border-radius:5px;-webkit-border-radius:5px;text-shadow:none;-moz-text-shadow:none;-webkit-text-shadow:none\"> L\u00e4s artikeln<\/span><\/a><\/span><\/p>\n<\/div><\/section><\/p><\/div><div class='av-flex-placeholder'><\/div><div class=\"flex_column av_one_third  flex_column_table_cell av-equal-height-column av-align-top   avia-builder-el-21  el_after_av_one_third  el_before_av_hr\" style='background: #f3efe8; padding:20px; background-color:#f3efe8; border-radius:20px; '><section class=\"av_textblock_section\"  itemscope=\"itemscope\" itemtype=\"https:\/\/schema.org\/CreativeWork\" ><div class='avia_textblock'   itemprop=\"text\" ><p><span style=\"font-family: gelion; font-size: 20px; color: #000000;\">A<strong><span style=\"color: #000000;\">cceptance and commitment therapy for autistic adults: A randomized controlled pilot study in<\/span> <span style=\"color: #000000;\">a psychiatric outpatient setting.<\/span><\/strong> F\u00f6rfattare: Pahnke, J., Jansson-Fr\u00f6jmark, M., Andersson, G., Bjureberg, J., Jokinen, J., Bohman, B., &amp; Lundgren, T. (2022). Publicerad i\u00a0<em>Autism: The International Journal of Research and Practice.<\/em><\/span><\/p>\n<p><span style=\"font-family: gelion; font-size: 16px; color: #000000;\">El estudio evalu\u00f3 la idoneidad y eficacia del ACT adaptado para adultos con espectro autista (NEUROACT). El estudio fue un ensayo controlado aleatorizado en el que participaron 39 adultos con diagn\u00f3stico de autismo en consultas externas de psiquiatr\u00eda. El 85% complet\u00f3 el programa NEUROACT. La metodolog\u00eda demostr\u00f3 ser \u00fatil y adecuada para adultos autistas en psiquiatr\u00eda. Los resultados mostraron mejoras estad\u00edstica y cl\u00ednicamente significativas en el estr\u00e9s percibido y la calidad de vida, en comparaci\u00f3n con los adultos autistas que recib\u00edan atenci\u00f3n de salud mental est\u00e1ndar. Los resultados tambi\u00e9n mostraron reducciones estad\u00edsticamente significativas en las conductas de evitaci\u00f3n percibidas, as\u00ed como mejoras en la calidad percibida del sue\u00f1o, la flexibilidad psicol\u00f3gica, la defusi\u00f3n cognitiva (capacidad para gestionar los propios pensamientos) y una tendencia estad\u00edstica en la reducci\u00f3n de los s\u00edntomas depresivos, en comparaci\u00f3n con los adultos autistas que recib\u00edan atenci\u00f3n habitual de salud mental. Adem\u00e1s, hubo una mejora estad\u00edsticamente significativa en la inflexibilidad cognitiva percibida (manierismo autista) y una tendencia estad\u00edstica a la mejora de la motivaci\u00f3n social percibida. Los resultados del entrenamiento estuvieron dentro de tama\u00f1os del efecto de medianos a grandes en el grupo NEUROACT en comparaci\u00f3n con el grupo de control. No hubo diferencias ni tendencias estad\u00edsticamente significativas en la percepci\u00f3n de la dificultad respiratoria relacionada con el sue\u00f1o, la fatiga diurna o la dificultad para despertarse, as\u00ed como en la percepci\u00f3n del nivel de funcionamiento (social, laboral y familiar), la conciencia social, la cognici\u00f3n social y la comunicaci\u00f3n, en comparaci\u00f3n con el grupo de control. Los an\u00e1lisis ITT (intenci\u00f3n de tratar) indicaron una tendencia estad\u00edstica a la mejora de las funciones ejecutivas percibidas en comparaci\u00f3n con el grupo de control.\u00a0\u00a0<\/span><\/p>\n<p><div  style='height:7px' class='hr hr-invisible   avia-builder-el-23  avia-builder-el-no-sibling'><span class='hr-inner' ><span class='hr-inner-style'><\/span><\/span><\/div><br \/>\n<a href=\"https:\/\/brainproof.se\/wp-content\/uploads\/2022\/12\/Pahnke-et-al-2022-Acceptance-and-commitment-therapy-for-autistic-adults-A-randomized-controlled-pilot-study-in-a-psychiatric-outpatient-setting.pdf\" class=\"su-button su-button-style-flat .button:hover { background-color: #2980b9; }\" style=\"color:#F3EFE8;background-color:#EEAD2E;border-color:#bf8b25;border-radius:5px;-moz-border-radius:5px;-webkit-border-radius:5px\" target=\"_self\" rel=\"noopener\"><span style=\"color:#F3EFE8;padding:0px 26px;font-size:20px;line-height:40px;border-color:#f4c66d;border-radius:5px;-moz-border-radius:5px;-webkit-border-radius:5px;text-shadow:none;-moz-text-shadow:none;-webkit-text-shadow:none\"> L\u00e4s artikeln<\/span><\/a><\/p>\n<h4><\/h4>\n<\/div><\/section><\/div><\/div><!--close column table wrapper. Autoclose: 1 --><div  style='height:50px' class='hr hr-invisible   avia-builder-el-24  el_after_av_one_third  el_before_av_one_full'><span class='hr-inner' ><span class='hr-inner-style'><\/span><\/span><\/div>\n<div class='flex_column_table av-equal-height-column-flextable -flextable' ><div class=\"flex_column av_one_full  no_margin flex_column_table_cell av-equal-height-column av-align-top first  avia-builder-el-25  el_after_av_hr  el_before_av_hr\" style='background: #f3efe8; padding:20px; background-color:#f3efe8; border-radius:20px; '><section class=\"av_textblock_section\"  itemscope=\"itemscope\" itemtype=\"https:\/\/schema.org\/CreativeWork\" ><div class='avia_textblock'   itemprop=\"text\" ><p><span style=\"font-family: gelion; font-size: 20px; color: #000000;\"><strong><span style=\"color: #000000;\">Social Allostasis<\/span> <span style=\"color: #000000;\">and Social Allostatic Load: A New Model for Research in Social Dynamics, Stress, and Health <\/span><\/strong>(Darby E. Saxbe, Lane Beckes, Sarah A. Stoycos, and James A. Coan, 2020)<\/span><\/p>\n<p><span style=\"font-family: gelion; color: #000000; font-size: 16px;\">Theories such as social baseline theory have argued that social groups serve a regulatory function but have not explored whether this regulatory process carries costs for the group. Allostatic load, the wear and tear on regulatory systems caused by chronic or frequent stress, is marked by diminished stress system flexibility and compromised recovery. We argue that allostatic load may develop within social groups as well and provide a model for how relationship dysfunction operates. Social allostatic load may be characterized by processes such as groups becoming locked into static patterns of interaction and may ultimately lead to up-regulation or down-regulation of a group\u2019s set point, or the optimal range of arousal or affect around which the group tends to converge. Many studies of emotional and physiological linkage within groups have reported that highly correlated states of arousal, which may reflect failure to maintain a group-level regulatory baseline, occur in the context of stress, conflict, and relationship distress. Relationship strain may also place greater demands on neurocognitive regulatory processes. Just as allostatic load may be detrimental to individual health, social allostatic load may corrode relationship quality.<\/span><\/p>\n<a href=\"https:\/\/brainproof.se\/wp-content\/uploads\/2022\/12\/Saxbe-et-el-2020.-Social-Allostasis-and-Social-Allostatic-Load-A-New-Model-for-Research-in-Social-Dynamics-Stress-and-Health.pdf\" class=\"su-button su-button-style-flat .button:hover { background-color: #2980b9; }\" style=\"color:#F3EFE8;background-color:#EEAD2E;border-color:#bf8b25;border-radius:5px;-moz-border-radius:5px;-webkit-border-radius:5px\" target=\"_self\" rel=\"noopener\"><span style=\"color:#F3EFE8;padding:0px 26px;font-size:20px;line-height:40px;border-color:#f4c66d;border-radius:5px;-moz-border-radius:5px;-webkit-border-radius:5px;text-shadow:none;-moz-text-shadow:none;-webkit-text-shadow:none\"> L\u00e4s artikeln<\/span><\/a>\n<h4><\/h4>\n<\/div><\/section><\/div><\/div><!--close column table wrapper. Autoclose: 1 --><div  style='height:50px' class='hr hr-invisible   avia-builder-el-27  el_after_av_one_full  avia-builder-el-last'><span class='hr-inner' ><span class='hr-inner-style'><\/span><\/span><\/div>","protected":false},"excerpt":{"rendered":"","protected":false},"author":1,"featured_media":0,"parent":0,"menu_order":0,"comment_status":"closed","ping_status":"closed","template":"","meta":{"footnotes":""},"class_list":["post-122","page","type-page","status-publish","hentry"],"yoast_head":"<!-- This site is optimized with the Yoast SEO Premium plugin v14.9 - https:\/\/yoast.com\/wordpress\/plugins\/seo\/ -->\n<title>Forskning ~ BRAINPROOF<\/title>\n<meta name=\"robots\" content=\"index, follow, max-snippet:-1, max-image-preview:large, max-video-preview:-1\" \/>\n<link rel=\"canonical\" href=\"https:\/\/brainproof.se\/es\/forskning\/\" \/>\n<meta property=\"og:locale\" content=\"es_ES\" \/>\n<meta property=\"og:type\" content=\"article\" \/>\n<meta property=\"og:title\" content=\"Forskning och utveckling\" \/>\n<meta property=\"og:description\" content=\"Ta del av de senaste forskningsr\u00f6nen inom modern psykologi och neurovetenskap.\" \/>\n<meta property=\"og:url\" content=\"https:\/\/brainproof.se\/es\/forskning\/\" \/>\n<meta property=\"og:site_name\" content=\"BRAINPROOF\" \/>\n<meta property=\"article:publisher\" content=\"https:\/\/www.facebook.com\/brainproof\/\" \/>\n<meta property=\"article:modified_time\" content=\"2024-04-11T09:08:22+00:00\" \/>\n<meta property=\"og:image\" content=\"https:\/\/brainproof.se\/wp-content\/uploads\/2019\/11\/clear-water-drops-132477-scaled.jpg\" \/>\n\t<meta property=\"og:image:width\" content=\"2048\" \/>\n\t<meta property=\"og:image:height\" content=\"1358\" \/>\n<meta name=\"twitter:card\" content=\"summary_large_image\" \/>\n<script type=\"application\/ld+json\" class=\"yoast-schema-graph\">{\"@context\":\"https:\/\/schema.org\",\"@graph\":[{\"@type\":\"Organization\",\"@id\":\"https:\/\/brainproof.se\/es\/#organization\",\"name\":\"BRAINPROOF\",\"url\":\"https:\/\/brainproof.se\/es\/\",\"sameAs\":[\"https:\/\/www.facebook.com\/brainproof\/\"],\"logo\":{\"@type\":\"ImageObject\",\"@id\":\"https:\/\/brainproof.se\/es\/#logo\",\"inLanguage\":\"es\",\"url\":\"https:\/\/brainproof.se\/wp-content\/uploads\/2019\/03\/Grafiskt_element_bubblor.png\",\"width\":\"725\",\"height\":\"1000\",\"caption\":\"BRAINPROOF\"},\"image\":{\"@id\":\"https:\/\/brainproof.se\/es\/#logo\"}},{\"@type\":\"WebSite\",\"@id\":\"https:\/\/brainproof.se\/es\/#website\",\"url\":\"https:\/\/brainproof.se\/es\/\",\"name\":\"BRAINPROOF\",\"description\":\"Innovation f\\u00f6r ett hj\\u00e4rnv\\u00e4nligt samh\\u00e4lle\",\"publisher\":{\"@id\":\"https:\/\/brainproof.se\/es\/#organization\"},\"potentialAction\":[{\"@type\":\"SearchAction\",\"target\":\"https:\/\/brainproof.se\/es\/?s={search_term_string}\",\"query-input\":\"required name=search_term_string\"}],\"inLanguage\":\"es\"},{\"@type\":\"ImageObject\",\"@id\":\"https:\/\/brainproof.se\/forskning\/#primaryimage\",\"inLanguage\":\"es\",\"url\":\"https:\/\/brainproof.se\/wp-content\/uploads\/2022\/06\/16-WCK-Pals_900.jpeg\",\"width\":700,\"height\":875},{\"@type\":\"WebPage\",\"@id\":\"https:\/\/brainproof.se\/forskning\/#webpage\",\"url\":\"https:\/\/brainproof.se\/forskning\/\",\"name\":\"Forskning ~ BRAINPROOF\",\"isPartOf\":{\"@id\":\"https:\/\/brainproof.se\/es\/#website\"},\"primaryImageOfPage\":{\"@id\":\"https:\/\/brainproof.se\/forskning\/#primaryimage\"},\"datePublished\":\"2018-04-02T09:04:22+00:00\",\"dateModified\":\"2024-04-11T09:08:22+00:00\",\"inLanguage\":\"es\",\"potentialAction\":[{\"@type\":\"ReadAction\",\"target\":[\"https:\/\/brainproof.se\/forskning\/\"]}]}]}<\/script>\n<!-- \/ Yoast SEO Premium plugin. -->","jetpack_sharing_enabled":true,"jetpack_shortlink":"https:\/\/wp.me\/P9UKnU-1Y","_links":{"self":[{"href":"https:\/\/brainproof.se\/es\/wp-json\/wp\/v2\/pages\/122","targetHints":{"allow":["GET"]}}],"collection":[{"href":"https:\/\/brainproof.se\/es\/wp-json\/wp\/v2\/pages"}],"about":[{"href":"https:\/\/brainproof.se\/es\/wp-json\/wp\/v2\/types\/page"}],"author":[{"embeddable":true,"href":"https:\/\/brainproof.se\/es\/wp-json\/wp\/v2\/users\/1"}],"replies":[{"embeddable":true,"href":"https:\/\/brainproof.se\/es\/wp-json\/wp\/v2\/comments?post=122"}],"version-history":[{"count":125,"href":"https:\/\/brainproof.se\/es\/wp-json\/wp\/v2\/pages\/122\/revisions"}],"predecessor-version":[{"id":10631,"href":"https:\/\/brainproof.se\/es\/wp-json\/wp\/v2\/pages\/122\/revisions\/10631"}],"wp:attachment":[{"href":"https:\/\/brainproof.se\/es\/wp-json\/wp\/v2\/media?parent=122"}],"curies":[{"name":"wp","href":"https:\/\/api.w.org\/{rel}","templated":true}]}}